{"id":698,"date":"2021-04-05T12:22:14","date_gmt":"2021-04-05T12:22:14","guid":{"rendered":"https:\/\/ioannina.creare-siteweb.ro\/?page_id=698"},"modified":"2021-04-05T12:24:24","modified_gmt":"2021-04-05T12:24:24","slug":"politica-cookies","status":"publish","type":"page","link":"https:\/\/www.ioannina.ro\/en\/politica-cookies\/","title":{"rendered":"Cookie policy"},"content":{"rendered":"<div data-elementor-type=\"wp-page\" data-elementor-id=\"698\" class=\"elementor elementor-698\">\r\n\t\t\t\t\t\t<div class=\"elementor-inner\">\r\n\t\t\t\t<div class=\"elementor-section-wrap\">\r\n\t\t\t\t\t\t\t\t\t<section class=\"elementor-section elementor-top-section elementor-element elementor-element-0d05d8a elementor-section-boxed elementor-section-height-default elementor-section-height-default\" data-id=\"0d05d8a\" data-element_type=\"section\">\r\n\t\t\t\t\t\t<div class=\"elementor-container elementor-column-gap-default\">\r\n\t\t\t\t\t\t\t<div class=\"elementor-row\">\r\n\t\t\t\t\t<div class=\"elementor-column elementor-col-100 elementor-top-column elementor-element elementor-element-9d0051d\" data-id=\"9d0051d\" data-element_type=\"column\">\r\n\t\t\t<div class=\"elementor-column-wrap elementor-element-populated\">\r\n\t\t\t\t\t\t\t<div class=\"elementor-widget-wrap\">\r\n\t\t\t\t\t\t<div class=\"elementor-element elementor-element-f179276 elementor-widget elementor-widget-heading\" data-id=\"f179276\" data-element_type=\"widget\" data-widget_type=\"heading.default\">\r\n\t\t\t\t<div class=\"elementor-widget-container\">\r\n\t\t\t<h3 class=\"elementor-heading-title elementor-size-default\">Cookie policy<\/h3>\t\t<\/div>\r\n\t\t\t\t<\/div>\r\n\t\t\t\t\t\t<\/div>\r\n\t\t\t\t\t<\/div>\r\n\t\t<\/div>\r\n\t\t\t\t\t\t\t\t<\/div>\r\n\t\t\t\t\t<\/div>\r\n\t\t<\/section>\r\n\t\t\t\t<section class=\"elementor-section elementor-top-section elementor-element elementor-element-eac1258 elementor-section-boxed elementor-section-height-default elementor-section-height-default\" data-id=\"eac1258\" data-element_type=\"section\">\r\n\t\t\t\t\t\t<div class=\"elementor-container elementor-column-gap-default\">\r\n\t\t\t\t\t\t\t<div class=\"elementor-row\">\r\n\t\t\t\t\t<div class=\"elementor-column elementor-col-100 elementor-top-column elementor-element elementor-element-d4f22b9\" data-id=\"d4f22b9\" data-element_type=\"column\">\r\n\t\t\t<div class=\"elementor-column-wrap elementor-element-populated\">\r\n\t\t\t\t\t\t\t<div class=\"elementor-widget-wrap\">\r\n\t\t\t\t\t\t<div class=\"elementor-element elementor-element-603d16f elementor-widget elementor-widget-text-editor\" data-id=\"603d16f\" data-element_type=\"widget\" data-widget_type=\"text-editor.default\">\r\n\t\t\t\t<div class=\"elementor-widget-container\">\r\n\t\t\t\t\t\t\t\t<div class=\"elementor-text-editor elementor-clearfix\">\r\n\t\t\t\t<p>Aceast\u0103 politic\u0103 reglementeaz\u0103 utilizarea cookie-urilor si stabile\u0219te temeiul legal al companiei IOANNINA IMPEX SRL pentru utilizarea \u201ccookie-urilor\u201d \u0219i tehnologiilor similare pe website sau pe sisteme care au leg\u0103tur\u0103 cu website-ul www.ioannina.ro. Aceast\u0103 politic\u0103 de cookie-uri este valabil\u0103 \u00eencep\u00e2nd cu data de [\u00a0 ] 2019.<\/p><p>Modulele de cookie \u201eesen\u021biale\u201d sunt plasate automat pe calculator, laptop sau orice dispozitiv ce poate accesa sau ac\u021biona pe site-ul companiei. Cookie-urile \u201enon-esen\u021biale\u201d \u0219i alte tehnologii similare sunt plasate numai pe computerul sau pe dispozitivul utilizatorului dac\u0103 si-a dat acordul explicit. Noi am \u00eencercat s\u0103 men\u021binem aceast\u0103 politic\u0103 la strictul necesar, \u00eens\u0103 dac\u0103 nu sunte\u021bi familiariza\u021bi cu termenul de cookies, v\u0103 rug\u0103m s\u0103 citi\u021bi sec\u021biunea de mai jos intitulat\u0103 \u201c<a href=\"http:\/\/digiquery.com\/politica-de-cookie\/#section1\">Despre cookie-uri<\/a>\u201d. Informa\u021bii despre modul \u00een care este oferit consim\u021b\u0103m\u00e2ntul pentru cookie-uri non-esen\u021biale \u0219i alte tehnologii \u0219i despre modul cum se poate retrage acest consim\u021b\u0103m\u00e2nt se g\u0103sesc in sec\u021biunea de mai jos, intitulat\u0103 \u201c<a href=\"http:\/\/digiquery.com\/politica-de-cookie\/#section5\">Cum se accept\u0103 sau se resping cookie-urile<\/a>\u201d.<\/p><h4>Cuprins<\/h4><ul><li><strong>Despre Cookies<\/strong><\/li><li><strong>Tipurile de cookie-uri utilizate<\/strong><\/li><li><strong>Cum se accept\u0103 sau resping cookie-urile<\/strong><\/li><\/ul><p><strong>Despre cookie-uri<\/strong><\/p><h4>Fi\u0219ierele cookie sunt fi\u0219iere text care con\u021bin cantit\u0103\u021bi mici de informa\u021bii care sunt desc\u0103rcate pe orice dispozitiv conectat la internet. Ele pot fi utilizate \u00een scopuri diferite, cum ar fi personalizarea site-ului \u00een func\u021bie de nevoile unui anumit utilizator sau ajutarea utilizatorul s\u0103 navigheze pe website.<\/h4><p>Cookie-urile pot fi clasificate drept \u201eesen\u021biale\u201d sau \u201eneesen\u021biale\u201d<\/p><p><u>Cookie-urile esen\u021biale:<\/u>\u00a0prezint\u0103 una dintre urm\u0103toarele dou\u0103 caracteristici:<\/p><ul><li>sunt utilizate exclusiv pentru efectuarea sau facilitarea comunic\u0103rii \u00eentr-o re\u021bea; sau<\/li><li>sunt strict necesare pentru furnizarea unui serviciu online<\/li><\/ul><p><u>\u00a0<\/u><\/p><p><u>Cookie-uri neesen\u021biale:<\/u>\u00a0Acestea nu se \u00eencadreaz\u0103 \u00een defini\u021bia cookie-urilor esen\u021biale deoarece nu sunt strict necesare pentru func\u021bionarea unui site sau a serviciilor oferite pe acesta, precum cookie-urile utilizate pentru analizarea comportamentului pe un site web (cookie-uri \u201eanalitice\u201d) sau cookie-urile utilizate pentru afi\u0219area de reclame.<\/p><h4>Cookie-uri de sesiune \u0219i persistente<\/h4><p>Cookie-urile pot fi de dou\u0103 tipuri: \u201ede sesiune\u201d\u00a0 \u0219i \u201epersistente\u201d, \u00een func\u021bie de perioada de stocare dup\u0103 plasarea lor \u00een browser-ul dvs.<\/p><p><u>Cookie-urile de sesiune:<\/u>\u00a0r\u0103m\u00e2n pe dispozitiv at\u00e2ta timp c\u00e2t navigatorul web este deschis. Acestea expir\u0103 c\u00e2nd navigatorul web este \u00eenchis.<\/p><p><u>\u00a0<\/u><\/p><p><u>Cookie-urile persistente<\/u>: expir\u0103 la un punct fix \u00een timp sau dac\u0103 sunt \u0219terse manual din navigatorul web.<\/p><p>Cookie-urile noastre sau ale p\u0103r\u021bilor ter\u021be<\/p><p>Cookie-urile pot fi clasificate \u00een dou\u0103 grupuri: cele care apar\u021bin site-ului vizitat www.ioannina.ro sau cele care apar\u021bin\u00a0p\u0103r\u021bilor ter\u021be.<\/p><p><u>Cookie-urile care apar\u021bin site-ului nostru (primare)<\/u>: sunt cookie-urile plasate pe dispozitivul dvs. de c\u0103tre domeniul site-ului nostru.<\/p><p><u>\u00a0<\/u><\/p><p><u>Cookie-urile care apar\u021bin ter\u021bilor:<\/u>\u00a0sunt cookie-urile plasate pe dispozitivul dvs. de c\u0103tre domenii ale unor site-uri care apar\u021bin unor p\u0103r\u021bi ter\u021be.<\/p><p><strong>Tipuri de cookie-uri utilizate<\/strong><\/p><p>Noi utiliz\u0103m urm\u0103toarele cookie-uri pe site-ul nostru web:<\/p><h3><a href=\"#_ftn1\" name=\"_ftnref1\">[1]<\/a>&#8230;&#8230;&#8230;&#8230;&#8230;&#8230;&#8230;&#8230;&#8230;&#8230;&#8230;&#8230;&#8230;&#8230;&#8230;&#8230;&#8230;&#8230;&#8230;&#8230;&#8230;&#8230;&#8230;&#8230;&#8230;&#8230;&#8230;&#8230;&#8230;&#8230;&#8230;&#8230;.<\/h3><p>Cum se renun\u021b\u0103 la cookie-urile esen\u021biale?<\/p><p>Cele mai multe tipuri de navigatoare web permit blocarea tuturor modulelor de tip cookie, inclusiv a cookie-urilor esen\u021biale. De men\u021bionat faptul ca daca sunt blocate toate cookie-urile, anumite componente \u0219i func\u021bii ale site-ului pot fi afectate.<\/p><p>Cookie-urile existente \u00een cadrul navigatorul web pot fi \u0219terse, prin selectarea op\u021biunii de \u0219tergere a cookie-urilor din op\u021biunea de \u0219tergere a datele de navigare.<\/p><p>Informa\u021bii mai detaliate despre modul de acceptare \u0219i respingere a cookie-urilor, inclusiv instruc\u021biuni pentru anumite browser-e, se afla in sec\u021biunea de mai jos, intitulat\u0103\u00a0<u>\u201e<\/u><a href=\"http:\/\/digiquery.com\/politica-de-cookie\/#section5\">Cum se accept\u0103 sau se resping cookie-urile<\/a>\u201d<\/p><p><strong>Cum se accept\u0103 sau se resping cookie-urile<\/strong>?<\/p><p>Exist\u0103 o serie de moduri diferite prin care se pot accepta sau respinge unele sau toate tipurile de cookie-uri. Unele dintre principalele metode de a face acest lucru sunt descrise mai jos:<\/p><p>Sunte\u021bi bineveni\u021bi s\u0103 bloca\u021bi utilizarea unora sau a tuturor cookie-urilor care sunt folosite pe website. Cu toate acestea, v\u0103 rug\u0103m s\u0103 con\u0219tientiza\u021bi faptul c\u0103 acest lucru poate afecta website-ul \u0219i func\u021bionalitatea sa \u00een mod par\u021bial sau total.<\/p><p>De asemenea, trebuie s\u0103 fi\u021bi con\u0219tient c\u0103 \u0219tergerea tuturor cookie-urilor din navigatorul web va \u0219terge, de asemenea, toate modulele cookie care stocheaz\u0103 preferin\u021bele dvs., de exemplu dac\u0103 a\u021bi acceptat sau nu utilizarea cookie-urilor pe un website sau orice cookie-uri care blocheaz\u0103 alte cookie-uri.<\/p><p><u>Set\u0103rile browser-ului<\/u><\/p><p>Pute\u021bi accepta sau respinge unele sau toate modulele cookie (de exemplu, bloc\u00e2nd toate modulele cookie ale p\u0103r\u021bilor ter\u021be) ajust\u00e2nd set\u0103rile browser-ului. Modul de efectuare a acestui lucru se g\u0103se\u0219te acces\u00e2nd urm\u0103toarele link-uri pentru cele mai populare navigatoare web:<\/p><ul><li>Google Chrome:<a href=\"https:\/\/support.google.com\/chrome\/answer\/95647?hl=ro\">https:\/\/support.google.com\/chrome\/answer\/95647?hl=ro<\/a><\/li><li>Mozilla Firefox:<a href=\"https:\/\/support.mozilla.org\/en-US\/kb\/delete-browsing-search-download-history-firefox?redirectlocale=ro-US&amp;redirectslug=Clear+Recent+History\">https:\/\/support.mozilla.org\/en-US\/kb\/delete-browsing-search-download-history-firefox?redirectlocale=ro-US&amp;redirectslug=Clear+Recent+History<\/a><\/li><li>Microsoft Internet Explorer:<a href=\"https:\/\/support.microsoft.com\/en-us\/help\/278835\/how-to-delete-cookie-files-in-internet-explorer\">https:\/\/support.microsoft.com\/en-us\/help\/278835\/how-to-delete-cookie-files-in-internet-explorer<\/a><\/li><li>Apple Safari:<a href=\"https:\/\/support.apple.com\/kb\/PH5042?locale=ro_RO\">https:\/\/support.apple.com\/kb\/PH5042?locale=ro_RO<\/a><\/li><\/ul><p>Unele browser-e, cum ar fi Chrome \u0219i Firefox, permit modificarea set\u0103rilor pentru navigarea \u00een modul \u201eincognito\u201d, limit\u00e2nd cantitatea de date introduse pe dispozitiv \u0219i \u0219terg\u00e2nd automat toate modulele cookie persistente introduse pe dispozitiv c\u00e2nd sesiunea de navigare se termina.<\/p><p>Pentru a \u0219terge cookie-urile care au fost plasate anterior \u00een browser, trebuie selectata op\u021biunea de \u0219tergere a istoricului navig\u0103rii asigur\u00e2nd-v\u0103 c\u0103 op\u021biunea de \u0219tergere sau de \u0219tergere a cookie-urilor este activat\u0103 atunci c\u00e2nd se face acest lucru.<\/p><p>Gestionarea anun\u021burilor personalizate se face acces\u00e2nd\u00a0<a href=\"http:\/\/www.adssettings.google.com\">www.adssettings.google.com<\/a> \u0219i prin:<\/p><ul><li>demarcarea op\u021biunii \u201ePersonalizare anun\u021buri\u201d (adic\u0103 prin asigurarea c\u0103 acel comutator din partea de sus a paginii este setat la st\u00e2nga\/gri \u0219i nu la dreapta\/albastru).<\/li><\/ul><p>Alternativ, se poate instala un plug in gratuit pentru browser aici:\u00a0<a href=\"http:\/\/www.support.google.com\/ads\/answer\/7395996\">www.support.google.com\/ads\/answer\/7395996<\/a><\/p><p>Extensie a browser-ului pentru excluderea Google Analytics<\/p><p>Pute\u021bi renun\u021ba la Google Analytics instal\u00e2nd extensia pentru browser care este disponibila aici:\u00a0<a href=\"http:\/\/www.tools.google.com\/dlpage\/gaoptout\">www.tools.google.com\/dlpage\/gaoptout<\/a><\/p><p><u>\u00a0<\/u><\/p><p>Deconectarea de la Facebook<\/p><p>Exist\u0103 posibilitatea instal\u0103rii unei extensii de browser numit\u0103 \u201eDisconnect Facebook pixel and FB tracking\u201d. Acest lucru va \u00eempiedica Facebook s\u0103 v\u0103 urm\u0103reasc\u0103 comportamentul pe site-urile web ale unor p\u0103r\u021bi ter\u021be. Acestea se pot instala acces\u00e2nd:<\/p><ul><li>Pentru Chrome:<a href=\"https:\/\/chrome.google.com\/webstore\/detail\/disconnect-facebook-pixel\/nnkndeagapifodhlebifbgbonbfmlnfm?hl=ro\">https:\/\/chrome.google.com\/webstore\/detail\/disconnect-facebook-pixel\/nnkndeagapifodhlebifbgbonbfmlnfm?hl=ro<\/a><\/li><li>Pentru Firefox:<a href=\"http:\/\/www.addons.mozilla.org\/en-GB\/firefox\/addon\/facebook-disconnect\/\">addons.mozilla.org\/en-GB\/firefox\/addon\/facebook-disconnect\/<\/a><\/li><\/ul><p><a href=\"#_ftnref1\" name=\"_ftn1\">[1]<\/a> Se vor insera tipurile de cookie cu descriere sub forma tabelara<\/p>\t\t\t\t\t<\/div>\r\n\t\t\t\t\t\t<\/div>\r\n\t\t\t\t<\/div>\r\n\t\t\t\t\t\t<\/div>\r\n\t\t\t\t\t<\/div>\r\n\t\t<\/div>\r\n\t\t\t\t\t\t\t\t<\/div>\r\n\t\t\t\t\t<\/div>\r\n\t\t<\/section>\r\n\t\t\t\t\t\t\t\t\t<\/div>\r\n\t\t\t<\/div>\r\n\t\t\t\t\t<\/div>","protected":false},"excerpt":{"rendered":"<p>Politica cookies Aceast\u0103 politic\u0103 reglementeaz\u0103 utilizarea cookie-urilor si stabile\u0219te temeiul legal al companiei IOANNINA IMPEX SRL pentru utilizarea \u201ccookie-urilor\u201d \u0219i tehnologiilor similare pe website sau pe sisteme care au leg\u0103tur\u0103 cu website-ul www.ioannina.ro. Aceast\u0103 politic\u0103 de cookie-uri este valabil\u0103 \u00eencep\u00e2nd cu data de [\u00a0 ] 2019. Modulele de cookie \u201eesen\u021biale\u201d sunt plasate automat pe calculator, &hellip;<\/p>\n<p class=\"read-more\"> <a class=\"\" href=\"https:\/\/www.ioannina.ro\/en\/politica-cookies\/\"> <span class=\"screen-reader-text\">Cookie policy<\/span> Read More &raquo;<\/a><\/p>","protected":false},"author":1,"featured_media":0,"parent":0,"menu_order":0,"comment_status":"closed","ping_status":"closed","template":"","meta":{"site-sidebar-layout":"no-sidebar","site-content-layout":"page-builder","ast-main-header-display":"","ast-hfb-above-header-display":"","ast-hfb-below-header-display":"","ast-hfb-mobile-header-display":"","site-post-title":"disabled","ast-breadcrumbs-content":"","ast-featured-img":"disabled","footer-sml-layout":"","theme-transparent-header-meta":"default","adv-header-id-meta":"","stick-header-meta":"","header-above-stick-meta":"","header-main-stick-meta":"","header-below-stick-meta":"","footnotes":""},"class_list":["post-698","page","type-page","status-publish","hentry"],"_links":{"self":[{"href":"https:\/\/www.ioannina.ro\/en\/wp-json\/wp\/v2\/pages\/698","targetHints":{"allow":["GET"]}}],"collection":[{"href":"https:\/\/www.ioannina.ro\/en\/wp-json\/wp\/v2\/pages"}],"about":[{"href":"https:\/\/www.ioannina.ro\/en\/wp-json\/wp\/v2\/types\/page"}],"author":[{"embeddable":true,"href":"https:\/\/www.ioannina.ro\/en\/wp-json\/wp\/v2\/users\/1"}],"replies":[{"embeddable":true,"href":"https:\/\/www.ioannina.ro\/en\/wp-json\/wp\/v2\/comments?post=698"}],"version-history":[{"count":4,"href":"https:\/\/www.ioannina.ro\/en\/wp-json\/wp\/v2\/pages\/698\/revisions"}],"predecessor-version":[{"id":702,"href":"https:\/\/www.ioannina.ro\/en\/wp-json\/wp\/v2\/pages\/698\/revisions\/702"}],"wp:attachment":[{"href":"https:\/\/www.ioannina.ro\/en\/wp-json\/wp\/v2\/media?parent=698"}],"curies":[{"name":"wp","href":"https:\/\/api.w.org\/{rel}","templated":true}]}}